{"id":1113,"date":"2025-10-28T11:03:25","date_gmt":"2025-10-28T10:03:25","guid":{"rendered":"https:\/\/raschle-immobilien.onyx.casasoft.ch\/dienstleistungen\/"},"modified":"2025-12-01T17:25:51","modified_gmt":"2025-12-01T16:25:51","slug":"servicios","status":"publish","type":"page","link":"https:\/\/raschle-immobilien.ch\/es\/servicios\/","title":{"rendered":"Servicios"},"content":{"rendered":"\n<div class=\"wp-block-casasoft-blocks-container  bg-white align-items-lg-center cs-hero\"><div class=\"container\">\n<div class=\"wp-block-columns is-layout-flex wp-container-core-columns-is-layout-28f84493 wp-block-columns-is-layout-flex\">\n<div class=\"wp-block-column is-layout-flow wp-block-column-is-layout-flow\">\n<div class=\"wp-block-casasoft-blocks-image border-radius hero-image\"><img decoding=\"async\" src=\"https:\/\/raschle-immobilien.ch\/wp-content\/uploads\/sites\/17\/2025\/10\/Dienstleistungen-Der-Mensch-steht-bei-uns-im-Mittelpunkt-3.webp\" alt=\"\" class=\"cs-image img-fluid semi-portrait hd\"\/><\/div>\n<\/div>\n\n\n\n<div class=\"wp-block-column is-layout-flow wp-block-column-is-layout-flow\">\n<div class=\"wp-block-casasoft-blocks-card cs-card border-radius  medium-large bg-white\"><div class=\"cs-card-content\">\n<div class=\"wp-block-casasoft-blocks-heading cs-heading\"><h1 class=\"\">Servicios<\/h1><\/div>\n<\/div><\/div>\n<\/div>\n<\/div>\n<\/div><\/div>\n\n\n\n<div class=\"wp-block-casasoft-blocks-container  bg-white align-items-lg-center cs-hero\"><div class=\"container\"><\/div><\/div>\n\n\n\n<div id=\"golden-agers\" class=\"wp-block-casasoft-blocks-container spacer-top-large spacer-bottom-large bg-light\"><div class=\"container\">\n<div class=\"wp-block-columns is-layout-flex wp-container-core-columns-is-layout-28f84493 wp-block-columns-is-layout-flex\">\n<div class=\"wp-block-column is-layout-flow wp-block-column-is-layout-flow\" style=\"flex-basis:50%\">\n<div class=\"wp-block-casasoft-blocks-heading cs-heading\"><div class=\"cs-supertitle\">Golden Agers<\/div><h2 class=\"\">El cambio como oportunidad.<\/h2><\/div>\n\n\n\n<p class=\"wp-block-casasoft-blocks-text text-small\"><strong>Despedirse del hogar conocido<\/strong><br>Decidir dejar el hogar en el que se ha vivido durante muchos a\u00f1os es un paso valiente.<br>Una casa es mucho m\u00e1s que cuatro paredes: es un lugar lleno de recuerdos e historias.<br>Por eso, nuestros servicios especialmente dise\u00f1ados para la generaci\u00f3n <em>Golden Agers<\/em> se basan en <strong>humanidad, empat\u00eda y confianza<\/strong>.<br>No se trata solo de bienes ra\u00edces: <strong>se trata de su viaje de vida.<\/strong><br><br><strong>Un nuevo comienzo con perspectiva<\/strong><br>Mudarse implica un cambio profundo.<br>Juntos creamos un nuevo comienzo.<br>Le acompa\u00f1amos en esta transici\u00f3n para que su nuevo hogar le brinde desde el primer d\u00eda <strong>familiaridad, seguridad y bienestar<\/strong>, y para que su vida cotidiana sea m\u00e1s ligera y plena.<br><br><strong>Acompa\u00f1amiento personalizado en cada etapa<\/strong><br>Nuestro enfoque va mucho m\u00e1s all\u00e1 de la simple intermediaci\u00f3n inmobiliaria.<br>Damos gran importancia a comprender con exactitud sus deseos, necesidades y preocupaciones.<br>Con empat\u00eda, le apoyamos en todo el proceso: desde desprenderse de lo conocido hasta llegar a lo nuevo.<br>Ya sea la planificaci\u00f3n detallada de la mudanza, la organizaci\u00f3n fiable, la gesti\u00f3n de todos los tr\u00e1mites o la creaci\u00f3n de un entorno armonioso:<br>le ofrecemos la base para un hogar duradero y con verdadero sentido de bienestar.<br>Nuestro objetivo es que en cada fase del cambio se sienta <strong>bien acompa\u00f1ado y seguro.<\/strong><\/p>\n<\/div>\n\n\n\n<div class=\"wp-block-column is-layout-flow wp-block-column-is-layout-flow\" style=\"flex-basis:50%\">\n<div class=\"wp-block-casasoft-blocks-image\"><img decoding=\"async\" src=\"https:\/\/raschle-immobilien.ch\/wp-content\/uploads\/sites\/17\/2025\/10\/iStock-861202474-1-scaled-1.webp\" alt=\"\" class=\"cs-image img-fluid semi-portrait full\"\/><\/div>\n<\/div>\n<\/div>\n<\/div><\/div>\n\n\n\n<div class=\"wp-block-casasoft-blocks-container  spacer-bottom-large bg-white\"><div class=\"container\">\n<div class=\"wp-block-casasoft-blocks-heading cs-heading\"><h2 class=\"\">Dise\u00f1e conscientemente su pr\u00f3xima etapa de vida.<\/h2><\/div>\n\n\n\n<div class=\"wp-block-casasoft-blocks-accordion cs-accordion\"><div class=\"accordion\" id=\"accordion-6773\"><div class=\"accordion-item\"><h2 class=\"accordion-header\" id=\"heading-6773-0\"><button class=\"accordion-button collapsed\" type=\"button\" data-bs-toggle=\"collapse\" data-bs-target=\"#collapse-6773-0\" aria-expanded=\"false\" aria-controls=\"collapse-6773-0\"><span>\u00bfQu\u00e9 hay que tener en cuenta para el futuro?<\/span><\/button><\/h2><div id=\"collapse-6773-0\" class=\"accordion-collapse collapse\" aria-labelledby=\"heading-6773-0\" data-bs-parent=\"#accordion-6773\"><div class=\"accordion-body\">Una reorientaci\u00f3n requiere planificaci\u00f3n cuidadosa.<br>La situaci\u00f3n financiera debe revisarse a tiempo para garantizar seguridad en la pr\u00f3xima etapa de vida.<\/div><\/div><\/div><div class=\"accordion-item\"><h2 class=\"accordion-header\" id=\"heading-6773-1\"><button class=\"accordion-button collapsed\" type=\"button\" data-bs-toggle=\"collapse\" data-bs-target=\"#collapse-6773-1\" aria-expanded=\"false\" aria-controls=\"collapse-6773-1\"><span>\u00bfCu\u00e1nta infraestructura necesito?<\/span><\/button><\/h2><div id=\"collapse-6773-1\" class=\"accordion-collapse collapse\" aria-labelledby=\"heading-6773-1\" data-bs-parent=\"#accordion-6773\"><div class=\"accordion-body\">El entorno adecuado depende de qu\u00e9 tipo de apoyo diario le resulte importante \u2013 por ejemplo, m\u00e9dicos, tiendas, movilidad o actividades de ocio.<br>Aseg\u00farese de que su nuevo entorno le facilite el d\u00eda a d\u00eda y enriquezca su vid<\/div><\/div><\/div><div class=\"accordion-item\"><h2 class=\"accordion-header\" id=\"heading-6773-2\"><button class=\"accordion-button collapsed\" type=\"button\" data-bs-toggle=\"collapse\" data-bs-target=\"#collapse-6773-2\" aria-expanded=\"false\" aria-controls=\"collapse-6773-2\"><span>\u00bfQu\u00e9 es lo m\u00e1s importante para m\u00ed \u2013 y qu\u00e9 valora mi familia?<\/span><\/button><\/h2><div id=\"collapse-6773-2\" class=\"accordion-collapse collapse\" aria-labelledby=\"heading-6773-2\" data-bs-parent=\"#accordion-6773\"><div class=\"accordion-body\">Esclarezca sus prioridades personales: cercan\u00eda a la familia, tranquilidad, oferta cultural o contacto con la naturaleza.<\/div><\/div><\/div><div class=\"accordion-item\"><h2 class=\"accordion-header\" id=\"heading-6773-3\"><button class=\"accordion-button collapsed\" type=\"button\" data-bs-toggle=\"collapse\" data-bs-target=\"#collapse-6773-3\" aria-expanded=\"false\" aria-controls=\"collapse-6773-3\"><span>\u00bfCu\u00e1ndo es el momento adecuado?<\/span><\/button><\/h2><div id=\"collapse-6773-3\" class=\"accordion-collapse collapse\" aria-labelledby=\"heading-6773-3\" data-bs-parent=\"#accordion-6773\"><div class=\"accordion-body\">Le asesoramos con competencia sobre la situaci\u00f3n actual del mercado y consideramos tambi\u00e9n sus motivos personales.<\/div><\/div><\/div><div class=\"accordion-item\"><h2 class=\"accordion-header\" id=\"heading-6773-4\"><button class=\"accordion-button collapsed\" type=\"button\" data-bs-toggle=\"collapse\" data-bs-target=\"#collapse-6773-4\" aria-expanded=\"false\" aria-controls=\"collapse-6773-4\"><span>\u00bfQui\u00e9n me acompa\u00f1a y me ayuda con toda la organizaci\u00f3n<\/span><\/button><\/h2><div id=\"collapse-6773-4\" class=\"accordion-collapse collapse\" aria-labelledby=\"heading-6773-4\" data-bs-parent=\"#accordion-6773\"><div class=\"accordion-body\">En <strong>Raschle Inmobiliaria<\/strong> nos encargamos de la coordinaci\u00f3n, de los tr\u00e1mites y de aliviarle en todos los aspectos pr\u00e1cticos.<br>Nuestra asesor\u00eda se caracteriza por conocimiento, experiencia y empat\u00eda \u2013 y por personas que realmente escuchan sus deseos.<\/div><\/div><\/div><div class=\"accordion-item\"><h2 class=\"accordion-header\" id=\"heading-6773-5\"><button class=\"accordion-button collapsed\" type=\"button\" data-bs-toggle=\"collapse\" data-bs-target=\"#collapse-6773-5\" aria-expanded=\"false\" aria-controls=\"collapse-6773-5\"><span>\u00bfAlcanzar\u00e1 el dinero?<\/span><\/button><\/h2><div id=\"collapse-6773-5\" class=\"accordion-collapse collapse\" aria-labelledby=\"heading-6773-5\" data-bs-parent=\"#accordion-6773\"><div class=\"accordion-body\">Revisamos su situaci\u00f3n financiera con seriedad para brindarle seguridad a largo plazo.<br>Le apoyamos paso a paso, con soluciones adecuadas a su realidad.<\/div><\/div><\/div><div class=\"accordion-item\"><h2 class=\"accordion-header\" id=\"heading-6773-6\"><button class=\"accordion-button collapsed\" type=\"button\" data-bs-toggle=\"collapse\" data-bs-target=\"#collapse-6773-6\" aria-expanded=\"false\" aria-controls=\"collapse-6773-6\"><span>\u00bfQu\u00e9 hago con mis recuerdos y con el dinero de la venta?<\/span><\/button><\/h2><div id=\"collapse-6773-6\" class=\"accordion-collapse collapse\" aria-labelledby=\"heading-6773-6\" data-bs-parent=\"#accordion-6773\"><div class=\"accordion-body\">Estos temas importantes los tratamos con usted personalmente y con toda la sensibilidad que merecen.<\/div><\/div><\/div><\/div><\/div>\n<\/div><\/div>\n\n\n\n<div id=\"mediacion\" class=\"wp-block-casasoft-blocks-container spacer-top-large spacer-bottom-large bg-primary\"><div class=\"container\">\n<div class=\"wp-block-columns is-layout-flex wp-container-core-columns-is-layout-28f84493 wp-block-columns-is-layout-flex\">\n<div class=\"wp-block-column is-layout-flow wp-block-column-is-layout-flow\" style=\"flex-basis:50%\">\n<div class=\"wp-block-casasoft-blocks-image center-vertically center-horizontally\"><img decoding=\"async\" src=\"https:\/\/raschle-immobilien.ch\/wp-content\/uploads\/sites\/17\/2025\/12\/iStock-93536995_goldiger-Schlussel_Mediation_opt-1024x768.webp\" alt=\"\" class=\"cs-image img-fluid original large\"\/><\/div>\n<\/div>\n\n\n\n<div class=\"wp-block-column is-layout-flow wp-block-column-is-layout-flow\" style=\"flex-basis:50%\">\n<div class=\"wp-block-casasoft-blocks-heading cs-heading\"><div class=\"cs-supertitle\">Mediaci\u00f3n \u2013 Las personas en el centro de todo<\/div><h2 class=\"\">Soluciones comunes para situaciones dif\u00edciles.<\/h2><\/div>\n\n\n\n<p class=\"wp-block-casasoft-blocks-text text-small\">En la venta de una propiedad pueden surgir intereses diferentes:<br>opiniones divergentes, tensiones familiares o cuestiones financieras que pueden dificultar el proceso.<br>En esos momentos se necesitan comprensi\u00f3n, tacto y mediaci\u00f3n neutral, para que <strong>todas las partes sean escuchadas y respetadas.<\/strong><br><br>La mediaci\u00f3n crea un espacio de di\u00e1logo abierto donde las necesidades y expectativas pueden expresarse libremente.<br>Nuestro objetivo es desarrollar una <strong>soluci\u00f3n sostenible, justa y aceptable para todos.<\/strong><br>As\u00ed, una venta inmobiliaria no solo se hace posible, sino que se convierte en un proceso constructivo y armonioso.<br><br>Con mi experiencia en <strong>mediaci\u00f3n, coaching y desarrollo personal<\/strong>, le acompa\u00f1o a trav\u00e9s de este proceso.<br>Fomento una comunicaci\u00f3n basada en el respeto y oriento la mirada hacia un objetivo com\u00fan.<br><br>De este modo, el proceso de venta no se caracteriza por conflictos, sino por <strong>respeto mutuo, claridad y entendimiento<\/strong>, culminando en un resultado satisfactorio para todas las partes.<br><\/p>\n<\/div>\n<\/div>\n<\/div><\/div>\n\n\n\n<div id=\"arquitectos-y-contratistas-generales\" class=\"wp-block-casasoft-blocks-container spacer-top-large spacer-bottom-large bg-white\"><div class=\"container\">\n<div class=\"wp-block-columns is-layout-flex wp-container-core-columns-is-layout-28f84493 wp-block-columns-is-layout-flex\">\n<div class=\"wp-block-column is-layout-flow wp-block-column-is-layout-flow\" style=\"flex-basis:50%\">\n<div class=\"wp-block-casasoft-blocks-heading cs-heading\"><div class=\"cs-supertitle\">Arquitectos y Contratistas Generales<\/div><h2 class=\"\">Arquitectos y contratistas \u2013 Juntos hacemos realidad los sue\u00f1os de vivienda.<\/h2><\/div>\n\n\n\n<p class=\"wp-block-casasoft-blocks-text text-small\"><strong>Calidad y fiabilidad para sus proyectos inmobiliarios<\/strong><br><br><strong>Raschle Inmobiliaria<\/strong> trabaja de la mano con arquitectos, contratistas generales e inversionistas.<br>Nuestro objetivo com\u00fan: <strong>hacer realidad los sue\u00f1os de vivienda.<\/strong><br><br>Gracias a asociaciones s\u00f3lidas, competencias complementarias y una visi\u00f3n clara, desarrollamos <strong>proyectos innovadores, sostenibles y de la m\u00e1s alta calidad.<\/strong><br><br>Ya sea nueva construcci\u00f3n, renovaci\u00f3n o reforma, le acompa\u00f1amos desde la primera idea hasta la venta final.<br>Conectamos promotores, arquitectos e inversionistas con los compradores adecuados y, si lo desea, nos encargamos del servicio postventa al cliente.<br><br>Nuestro objetivo es <strong>dar visibilidad a proyectos inmobiliarios que perduren y emocionen a generaciones.<\/strong><br>Para ello, desarrollamos <strong>estrategias de venta a medida<\/strong>, perfectamente adaptadas al p\u00fablico objetivo.<br><br>Analizamos los mercados, posicionamos sus proyectos con claridad y creamos las mejores condiciones para una venta exitosa.<br>Nuestra amplia red y profundo conocimiento del mercado garantizan <strong>una comercializaci\u00f3n eficiente y de alto impacto.<\/strong><br><br>As\u00ed nacen <strong>proyectos que convencen \u2013 y hogares que hacen realidad los sue\u00f1os.<\/strong><\/p>\n<\/div>\n\n\n\n<div class=\"wp-block-column is-layout-flow wp-block-column-is-layout-flow\" style=\"flex-basis:50%\">\n<div class=\"wp-block-casasoft-blocks-image center-vertically center-horizontally\"><img decoding=\"async\" src=\"https:\/\/raschle-immobilien.ch\/wp-content\/uploads\/sites\/17\/2025\/12\/iStock-823267310_Architekten-GUs_opt-1024x639.webp\" alt=\"\" class=\"cs-image img-fluid original large\"\/><\/div>\n<\/div>\n<\/div>\n<\/div><\/div>\n","protected":false},"excerpt":{"rendered":"","protected":false},"author":1,"featured_media":0,"parent":0,"menu_order":0,"comment_status":"closed","ping_status":"closed","template":"","meta":{"_acf_changed":false,"inline_featured_image":false,"footnotes":""},"class_list":["post-1113","page","type-page","status-publish","hentry"],"acf":[],"yoast_head":"<!-- This site is optimized with the Yoast SEO plugin v27.5 - https:\/\/yoast.com\/product\/yoast-seo-wordpress\/ -->\n<title>Servicios - Raschle Immobilien<\/title>\n<meta name=\"robots\" content=\"index, follow, max-snippet:-1, max-image-preview:large, max-video-preview:-1\" \/>\n<link rel=\"canonical\" href=\"https:\/\/raschle-immobilien.ch\/es\/servicios\/\" \/>\n<meta property=\"og:locale\" content=\"es_ES\" \/>\n<meta property=\"og:type\" content=\"article\" \/>\n<meta property=\"og:title\" content=\"Servicios - Raschle Immobilien\" \/>\n<meta property=\"og:url\" content=\"https:\/\/raschle-immobilien.ch\/es\/servicios\/\" \/>\n<meta property=\"og:site_name\" content=\"Raschle Immobilien\" \/>\n<meta property=\"article:modified_time\" content=\"2025-12-01T16:25:51+00:00\" \/>\n<meta property=\"og:image\" content=\"https:\/\/raschle-immobilien.ch\/wp-content\/uploads\/sites\/17\/2025\/10\/Dienstleistungen-Der-Mensch-steht-bei-uns-im-Mittelpunkt-3.webp\" \/>\n<meta name=\"twitter:card\" content=\"summary_large_image\" \/>\n<meta name=\"twitter:label1\" content=\"Est. reading time\" \/>\n\t<meta name=\"twitter:data1\" content=\"5 minutos\" \/>\n<script type=\"application\/ld+json\" class=\"yoast-schema-graph\">{\"@context\":\"https:\\\/\\\/schema.org\",\"@graph\":[{\"@type\":\"WebPage\",\"@id\":\"https:\\\/\\\/raschle-immobilien.ch\\\/es\\\/servicios\\\/\",\"url\":\"https:\\\/\\\/raschle-immobilien.ch\\\/es\\\/servicios\\\/\",\"name\":\"Servicios - Raschle Immobilien\",\"isPartOf\":{\"@id\":\"https:\\\/\\\/raschle-immobilien.ch\\\/#website\"},\"primaryImageOfPage\":{\"@id\":\"https:\\\/\\\/raschle-immobilien.ch\\\/es\\\/servicios\\\/#primaryimage\"},\"image\":{\"@id\":\"https:\\\/\\\/raschle-immobilien.ch\\\/es\\\/servicios\\\/#primaryimage\"},\"thumbnailUrl\":\"https:\\\/\\\/raschle-immobilien.ch\\\/wp-content\\\/uploads\\\/sites\\\/17\\\/2025\\\/10\\\/Dienstleistungen-Der-Mensch-steht-bei-uns-im-Mittelpunkt-3.webp\",\"datePublished\":\"2025-10-28T10:03:25+00:00\",\"dateModified\":\"2025-12-01T16:25:51+00:00\",\"breadcrumb\":{\"@id\":\"https:\\\/\\\/raschle-immobilien.ch\\\/es\\\/servicios\\\/#breadcrumb\"},\"inLanguage\":\"es\",\"potentialAction\":[{\"@type\":\"ReadAction\",\"target\":[\"https:\\\/\\\/raschle-immobilien.ch\\\/es\\\/servicios\\\/\"]}]},{\"@type\":\"ImageObject\",\"inLanguage\":\"es\",\"@id\":\"https:\\\/\\\/raschle-immobilien.ch\\\/es\\\/servicios\\\/#primaryimage\",\"url\":\"https:\\\/\\\/raschle-immobilien.ch\\\/wp-content\\\/uploads\\\/sites\\\/17\\\/2025\\\/10\\\/Dienstleistungen-Der-Mensch-steht-bei-uns-im-Mittelpunkt-3.webp\",\"contentUrl\":\"https:\\\/\\\/raschle-immobilien.ch\\\/wp-content\\\/uploads\\\/sites\\\/17\\\/2025\\\/10\\\/Dienstleistungen-Der-Mensch-steht-bei-uns-im-Mittelpunkt-3.webp\"},{\"@type\":\"BreadcrumbList\",\"@id\":\"https:\\\/\\\/raschle-immobilien.ch\\\/es\\\/servicios\\\/#breadcrumb\",\"itemListElement\":[{\"@type\":\"ListItem\",\"position\":1,\"name\":\"Home\",\"item\":\"https:\\\/\\\/raschle-immobilien.ch\\\/es\\\/\"},{\"@type\":\"ListItem\",\"position\":2,\"name\":\"Servicios\"}]},{\"@type\":\"WebSite\",\"@id\":\"https:\\\/\\\/raschle-immobilien.ch\\\/#website\",\"url\":\"https:\\\/\\\/raschle-immobilien.ch\\\/\",\"name\":\"Raschle Immobilien\",\"description\":\"\",\"publisher\":{\"@id\":\"https:\\\/\\\/raschle-immobilien.ch\\\/#organization\"},\"potentialAction\":[{\"@type\":\"SearchAction\",\"target\":{\"@type\":\"EntryPoint\",\"urlTemplate\":\"https:\\\/\\\/raschle-immobilien.ch\\\/?s={search_term_string}\"},\"query-input\":{\"@type\":\"PropertyValueSpecification\",\"valueRequired\":true,\"valueName\":\"search_term_string\"}}],\"inLanguage\":\"es\"},{\"@type\":\"Organization\",\"@id\":\"https:\\\/\\\/raschle-immobilien.ch\\\/#organization\",\"name\":\"Raschle Immobilien\",\"url\":\"https:\\\/\\\/raschle-immobilien.ch\\\/\",\"logo\":{\"@type\":\"ImageObject\",\"inLanguage\":\"es\",\"@id\":\"https:\\\/\\\/raschle-immobilien.ch\\\/#\\\/schema\\\/logo\\\/image\\\/\",\"url\":\"https:\\\/\\\/raschle-immobilien.ch\\\/wp-content\\\/uploads\\\/sites\\\/17\\\/2025\\\/11\\\/raschle-immobilien_logo.svg\",\"contentUrl\":\"https:\\\/\\\/raschle-immobilien.ch\\\/wp-content\\\/uploads\\\/sites\\\/17\\\/2025\\\/11\\\/raschle-immobilien_logo.svg\",\"width\":600,\"height\":204,\"caption\":\"Raschle Immobilien\"},\"image\":{\"@id\":\"https:\\\/\\\/raschle-immobilien.ch\\\/#\\\/schema\\\/logo\\\/image\\\/\"}}]}<\/script>\n<!-- \/ Yoast SEO plugin. -->","yoast_head_json":{"title":"Servicios - Raschle Immobilien","robots":{"index":"index","follow":"follow","max-snippet":"max-snippet:-1","max-image-preview":"max-image-preview:large","max-video-preview":"max-video-preview:-1"},"canonical":"https:\/\/raschle-immobilien.ch\/es\/servicios\/","og_locale":"es_ES","og_type":"article","og_title":"Servicios - Raschle Immobilien","og_url":"https:\/\/raschle-immobilien.ch\/es\/servicios\/","og_site_name":"Raschle Immobilien","article_modified_time":"2025-12-01T16:25:51+00:00","og_image":[{"url":"https:\/\/raschle-immobilien.ch\/wp-content\/uploads\/sites\/17\/2025\/10\/Dienstleistungen-Der-Mensch-steht-bei-uns-im-Mittelpunkt-3.webp","type":"","width":"","height":""}],"twitter_card":"summary_large_image","twitter_misc":{"Est. reading time":"5 minutos"},"schema":{"@context":"https:\/\/schema.org","@graph":[{"@type":"WebPage","@id":"https:\/\/raschle-immobilien.ch\/es\/servicios\/","url":"https:\/\/raschle-immobilien.ch\/es\/servicios\/","name":"Servicios - Raschle Immobilien","isPartOf":{"@id":"https:\/\/raschle-immobilien.ch\/#website"},"primaryImageOfPage":{"@id":"https:\/\/raschle-immobilien.ch\/es\/servicios\/#primaryimage"},"image":{"@id":"https:\/\/raschle-immobilien.ch\/es\/servicios\/#primaryimage"},"thumbnailUrl":"https:\/\/raschle-immobilien.ch\/wp-content\/uploads\/sites\/17\/2025\/10\/Dienstleistungen-Der-Mensch-steht-bei-uns-im-Mittelpunkt-3.webp","datePublished":"2025-10-28T10:03:25+00:00","dateModified":"2025-12-01T16:25:51+00:00","breadcrumb":{"@id":"https:\/\/raschle-immobilien.ch\/es\/servicios\/#breadcrumb"},"inLanguage":"es","potentialAction":[{"@type":"ReadAction","target":["https:\/\/raschle-immobilien.ch\/es\/servicios\/"]}]},{"@type":"ImageObject","inLanguage":"es","@id":"https:\/\/raschle-immobilien.ch\/es\/servicios\/#primaryimage","url":"https:\/\/raschle-immobilien.ch\/wp-content\/uploads\/sites\/17\/2025\/10\/Dienstleistungen-Der-Mensch-steht-bei-uns-im-Mittelpunkt-3.webp","contentUrl":"https:\/\/raschle-immobilien.ch\/wp-content\/uploads\/sites\/17\/2025\/10\/Dienstleistungen-Der-Mensch-steht-bei-uns-im-Mittelpunkt-3.webp"},{"@type":"BreadcrumbList","@id":"https:\/\/raschle-immobilien.ch\/es\/servicios\/#breadcrumb","itemListElement":[{"@type":"ListItem","position":1,"name":"Home","item":"https:\/\/raschle-immobilien.ch\/es\/"},{"@type":"ListItem","position":2,"name":"Servicios"}]},{"@type":"WebSite","@id":"https:\/\/raschle-immobilien.ch\/#website","url":"https:\/\/raschle-immobilien.ch\/","name":"Raschle Immobilien","description":"","publisher":{"@id":"https:\/\/raschle-immobilien.ch\/#organization"},"potentialAction":[{"@type":"SearchAction","target":{"@type":"EntryPoint","urlTemplate":"https:\/\/raschle-immobilien.ch\/?s={search_term_string}"},"query-input":{"@type":"PropertyValueSpecification","valueRequired":true,"valueName":"search_term_string"}}],"inLanguage":"es"},{"@type":"Organization","@id":"https:\/\/raschle-immobilien.ch\/#organization","name":"Raschle Immobilien","url":"https:\/\/raschle-immobilien.ch\/","logo":{"@type":"ImageObject","inLanguage":"es","@id":"https:\/\/raschle-immobilien.ch\/#\/schema\/logo\/image\/","url":"https:\/\/raschle-immobilien.ch\/wp-content\/uploads\/sites\/17\/2025\/11\/raschle-immobilien_logo.svg","contentUrl":"https:\/\/raschle-immobilien.ch\/wp-content\/uploads\/sites\/17\/2025\/11\/raschle-immobilien_logo.svg","width":600,"height":204,"caption":"Raschle Immobilien"},"image":{"@id":"https:\/\/raschle-immobilien.ch\/#\/schema\/logo\/image\/"}}]}},"_links":{"self":[{"href":"https:\/\/raschle-immobilien.ch\/es\/wp-json\/wp\/v2\/pages\/1113","targetHints":{"allow":["GET"]}}],"collection":[{"href":"https:\/\/raschle-immobilien.ch\/es\/wp-json\/wp\/v2\/pages"}],"about":[{"href":"https:\/\/raschle-immobilien.ch\/es\/wp-json\/wp\/v2\/types\/page"}],"author":[{"embeddable":true,"href":"https:\/\/raschle-immobilien.ch\/es\/wp-json\/wp\/v2\/users\/1"}],"replies":[{"embeddable":true,"href":"https:\/\/raschle-immobilien.ch\/es\/wp-json\/wp\/v2\/comments?post=1113"}],"version-history":[{"count":0,"href":"https:\/\/raschle-immobilien.ch\/es\/wp-json\/wp\/v2\/pages\/1113\/revisions"}],"wp:attachment":[{"href":"https:\/\/raschle-immobilien.ch\/es\/wp-json\/wp\/v2\/media?parent=1113"}],"curies":[{"name":"wp","href":"https:\/\/api.w.org\/{rel}","templated":true}]}}